{"id":2,"date":"2026-04-13T23:34:06","date_gmt":"2026-04-14T02:34:06","guid":{"rendered":"http:\/\/premioeducacaofiscalrs.org.br\/?page_id=2"},"modified":"2026-04-13T23:54:33","modified_gmt":"2026-04-14T02:54:33","slug":"pagina-exemplo","status":"publish","type":"page","link":"https:\/\/premioeducacaofiscalrs.org.br\/index.php\/pagina-exemplo\/","title":{"rendered":"P\u00e1gina em constru\u00e7\u00e3o"},"content":{"rendered":"\t\t<div data-elementor-type=\"wp-page\" data-elementor-id=\"2\" class=\"elementor elementor-2\" data-elementor-post-type=\"page\">\n\t\t\t\t\t\t<div class=\"elementor-element elementor-element-91a5fad e-con e-atomic-element e-flexbox-base e-91a5fad-1caa0db\" data-id=\"91a5fad\" data-element_type=\"e-flexbox\" data-e-type=\"e-flexbox\" data-interaction-id=\"91a5fad\" data-e-type=\"e-flexbox\" data-id=\"91a5fad\">\n\t\t\t\t\t\t\t<h2 \n\t\tdata-interaction-id=\"c447655\" \n\t\tclass=\"e-c447655-3fb9421 e-heading-base\" \n\t\t \n\t\tdata-e-type=\"widget\" data-id=\"c447655\"\n\t>\n\t\n\t\t\tProjeto em cria\u00e7\u00e3o. Em breve teremos novidades\n\t\t<\/h2>\n\t\t\t\t<\/div>\n\t\t\t\t<div class=\"elementor-element elementor-element-ab45e34 e-con e-atomic-element e-flexbox-base e-ab45e34-253b18a\" data-id=\"ab45e34\" data-element_type=\"e-flexbox\" data-e-type=\"e-flexbox\" data-interaction-id=\"ab45e34\" data-e-type=\"e-flexbox\" data-id=\"ab45e34\">\n\t\t\t\t\t\t\t\n\t\t\t<img class=\"e-image-base e-fc6e89b-9000380\" \n\t\t\t\t\tdata-interaction-id=\"fc6e89b\" \n\t\t \n\t\t data-e-type=\"widget\" data-id=\"fc6e89b\"\n\t\t\t\t\t\t\t\t\tid=\"10\"\n\t\t\t\t\t\t\t\t\t\t\t\tsrc=\"https:\/\/premioeducacaofiscalrs.org.br\/wp-content\/uploads\/2026\/04\/Logo-PEEF-RS.jpg\"\n\t\t\t\t\t\t\t\t\t\t\t\twidth=\"1619\"\n\t\t\t\t\t\t\t\t\t\t\t\theight=\"1167\"\n\t\t\t\t\t\t\t\t\t\t\t\tsrcset=\"https:\/\/premioeducacaofiscalrs.org.br\/wp-content\/uploads\/2026\/04\/Logo-PEEF-RS.jpg 1619w, https:\/\/premioeducacaofiscalrs.org.br\/wp-content\/uploads\/2026\/04\/Logo-PEEF-RS-300x216.jpg 300w, https:\/\/premioeducacaofiscalrs.org.br\/wp-content\/uploads\/2026\/04\/Logo-PEEF-RS-1024x738.jpg 1024w, https:\/\/premioeducacaofiscalrs.org.br\/wp-content\/uploads\/2026\/04\/Logo-PEEF-RS-768x554.jpg 768w, https:\/\/premioeducacaofiscalrs.org.br\/wp-content\/uploads\/2026\/04\/Logo-PEEF-RS-1536x1107.jpg 1536w\"\n\t\t\t\t\t\t\t\t\t\t\t\talt=\"\"\n\t\t\t\t\t\t\/>\n\t\t\t\t\t<\/div>\n\t\t\t\t<\/div>\n\t\t","protected":false},"excerpt":{"rendered":"<p>Projeto em cria\u00e7\u00e3o. Em breve teremos novidades<\/p>\n","protected":false},"author":1,"featured_media":0,"parent":0,"menu_order":0,"comment_status":"closed","ping_status":"open","template":"elementor_canvas","meta":{"site-sidebar-layout":"default","site-content-layout":"","ast-site-content-layout":"default","site-content-style":"default","site-sidebar-style":"default","ast-global-header-display":"","ast-banner-title-visibility":"","ast-main-header-display":"","ast-hfb-above-header-display":"","ast-hfb-below-header-display":"","ast-hfb-mobile-header-display":"","site-post-title":"","ast-breadcrumbs-content":"","ast-featured-img":"","footer-sml-layout":"","ast-disable-related-posts":"","theme-transparent-header-meta":"","adv-header-id-meta":"","stick-header-meta":"","header-above-stick-meta":"","header-main-stick-meta":"","header-below-stick-meta":"","astra-migrate-meta-layouts":"default","ast-page-background-enabled":"default","ast-page-background-meta":{"desktop":{"background-color":"var(--ast-global-color-5)","background-image":"","background-repeat":"repeat","background-position":"center center","background-size":"auto","background-attachment":"scroll","background-type":"","background-media":"","overlay-type":"","overlay-color":"","overlay-opacity":"","overlay-gradient":""},"tablet":{"background-color":"","background-image":"","background-repeat":"repeat","background-position":"center center","background-size":"auto","background-attachment":"scroll","background-type":"","background-media":"","overlay-type":"","overlay-color":"","overlay-opacity":"","overlay-gradient":""},"mobile":{"background-color":"","background-image":"","background-repeat":"repeat","background-position":"center center","background-size":"auto","background-attachment":"scroll","background-type":"","background-media":"","overlay-type":"","overlay-color":"","overlay-opacity":"","overlay-gradient":""}},"ast-content-background-meta":{"desktop":{"background-color":"var(--ast-global-color-4)","background-image":"","background-repeat":"repeat","background-position":"center center","background-size":"auto","background-attachment":"scroll","background-type":"","background-media":"","overlay-type":"","overlay-color":"","overlay-opacity":"","overlay-gradient":""},"tablet":{"background-color":"var(--ast-global-color-4)","background-image":"","background-repeat":"repeat","background-position":"center center","background-size":"auto","background-attachment":"scroll","background-type":"","background-media":"","overlay-type":"","overlay-color":"","overlay-opacity":"","overlay-gradient":""},"mobile":{"background-color":"var(--ast-global-color-4)","background-image":"","background-repeat":"repeat","background-position":"center center","background-size":"auto","background-attachment":"scroll","background-type":"","background-media":"","overlay-type":"","overlay-color":"","overlay-opacity":"","overlay-gradient":""}},"footnotes":""},"class_list":["post-2","page","type-page","status-publish","hentry"],"_links":{"self":[{"href":"https:\/\/premioeducacaofiscalrs.org.br\/index.php\/wp-json\/wp\/v2\/pages\/2","targetHints":{"allow":["GET"]}}],"collection":[{"href":"https:\/\/premioeducacaofiscalrs.org.br\/index.php\/wp-json\/wp\/v2\/pages"}],"about":[{"href":"https:\/\/premioeducacaofiscalrs.org.br\/index.php\/wp-json\/wp\/v2\/types\/page"}],"author":[{"embeddable":true,"href":"https:\/\/premioeducacaofiscalrs.org.br\/index.php\/wp-json\/wp\/v2\/users\/1"}],"replies":[{"embeddable":true,"href":"https:\/\/premioeducacaofiscalrs.org.br\/index.php\/wp-json\/wp\/v2\/comments?post=2"}],"version-history":[{"count":11,"href":"https:\/\/premioeducacaofiscalrs.org.br\/index.php\/wp-json\/wp\/v2\/pages\/2\/revisions"}],"predecessor-version":[{"id":20,"href":"https:\/\/premioeducacaofiscalrs.org.br\/index.php\/wp-json\/wp\/v2\/pages\/2\/revisions\/20"}],"wp:attachment":[{"href":"https:\/\/premioeducacaofiscalrs.org.br\/index.php\/wp-json\/wp\/v2\/media?parent=2"}],"curies":[{"name":"wp","href":"https:\/\/api.w.org\/{rel}","templated":true}]}}